{"id":14,"date":"2026-02-08T19:30:18","date_gmt":"2026-02-08T18:30:18","guid":{"rendered":"http:\/\/192.168.1.22\/?page_id=14"},"modified":"2026-02-08T23:04:59","modified_gmt":"2026-02-08T22:04:59","slug":"que-es-la-masoneria","status":"publish","type":"page","link":"https:\/\/luzdelnorte.es\/index.php\/que-es-la-masoneria\/","title":{"rendered":"QUE ES LA MASONERIA"},"content":{"rendered":"\n<h3 class=\"wp-block-heading\">Una tradici\u00f3n centenaria para el ser humano del siglo XXI<\/h3>\n\n\n\n<p>A menudo se asocia la Masoner\u00eda con el misterio, pero la realidad es mucho m\u00e1s luminosa y, sobre todo, mucho m\u00e1s \u00fatil para la vida cotidiana. La Masoner\u00eda es, esencialmente, una <strong>escuela de formaci\u00f3n \u00e9tica, filos\u00f3fica y ciudadana<\/strong>.<\/p>\n\n\n\n<p>En la Logia <strong>Luz del Norte n\u00ba 63<\/strong>, entendemos la masoner\u00eda como un m\u00e9todo de trabajo personal que utiliza el simbolismo de los antiguos constructores de catedrales para un fin moderno: <strong>construirnos a nosotros mismos como mejores personas.<\/strong><\/p>\n\n\n\n<figure class=\"wp-block-image size-full\"><img loading=\"lazy\" decoding=\"async\" width=\"687\" height=\"1024\" src=\"https:\/\/luzdelnorte.es\/wp-content\/uploads\/2026\/02\/unnamed-5.jpg\" alt=\"\" class=\"wp-image-47\" srcset=\"https:\/\/luzdelnorte.es\/wp-content\/uploads\/2026\/02\/unnamed-5.jpg 687w, https:\/\/luzdelnorte.es\/wp-content\/uploads\/2026\/02\/unnamed-5-201x300.jpg 201w\" sizes=\"auto, (max-width: 687px) 100vw, 687px\" \/><\/figure>\n\n\n\n<hr class=\"wp-block-separator has-alpha-channel-opacity\"\/>\n\n\n\n<h3 class=\"wp-block-heading\">\u00bfC\u00f3mo trabajamos? La met\u00e1fora de la piedra<\/h3>\n\n\n\n<p>Nuestra labor se basa en una idea sencilla pero profunda: el ser humano es como una <strong>\u00abpiedra bruta\u00bb<\/strong>. A trav\u00e9s del estudio, la reflexi\u00f3n y el intercambio de ideas con los dem\u00e1s, trabajamos para pulir esa piedra, eliminando las aristas de la intolerancia y el ego\u00edsmo, hasta convertirla en una <strong>\u00abpiedra tallada\u00bb<\/strong> capaz de encajar arm\u00f3nicamente en el edificio de la sociedad.<\/p>\n\n\n\n<p>En nuestras reuniones (que llamamos <em>Tenidas<\/em>), no encontrar\u00e1s verdades absolutas ni dogmas. Lo que encontrar\u00e1s es:<\/p>\n\n\n\n<ul class=\"wp-block-list\">\n<li><strong>Un espacio de libertad:<\/strong> Donde se puede hablar de todo con respeto absoluto.<\/li>\n\n\n\n<li><strong>Un m\u00e9todo de escucha:<\/strong> Aprendemos a silenciar el ego para escuchar realmente al otro.<\/li>\n\n\n\n<li><strong>Diversidad:<\/strong> Personas de distintas profesiones, or\u00edgenes e ideolog\u00edas que comparten un objetivo com\u00fan: el progreso de la humanidad.<\/li>\n<\/ul>\n\n\n\n<hr class=\"wp-block-separator has-alpha-channel-opacity\"\/>\n\n\n\n<h3 class=\"wp-block-heading\">Tres pilares, una divisa<\/h3>\n\n\n\n<p>Como parte de la <strong>Gran Logia Simb\u00f3lica Espa\u00f1ola (GLSE)<\/strong>, nos identificamos con la corriente de la <strong>Masoner\u00eda Liberal y Adogm\u00e1tica<\/strong>. Esto significa que defendemos tres valores fundamentales que han dado forma a las democracias modernas:<\/p>\n\n\n\n<ol start=\"1\" class=\"wp-block-list\">\n<li><strong>Libertad:<\/strong> De pensamiento, de conciencia y de expresi\u00f3n. Sin tutelas ni censuras.<\/li>\n\n\n\n<li><strong>Igualdad:<\/strong> En Luz del Norte, hombres y mujeres trabajamos en absoluta igualdad de derechos y deberes. Somos una logia mixta por convicci\u00f3n.<\/li>\n\n\n\n<li><strong>Fraternidad:<\/strong> Creemos que lo que nos une como seres humanos es siempre m\u00e1s fuerte que lo que nos separa.<\/li>\n<\/ol>\n\n\n\n<blockquote class=\"wp-block-quote is-layout-flow wp-block-quote-is-layout-flow\">\n<p>\u00abLa masoner\u00eda no es un lugar al que se viene a aprender secretos, sino un lugar donde se viene a descubrir el secreto de lo que uno mismo es capaz de llegar a ser.\u00bb<\/p>\n<\/blockquote>\n\n\n\n<p><\/p>\n\n\n\n<figure class=\"wp-block-image size-full\"><img loading=\"lazy\" decoding=\"async\" width=\"687\" height=\"1024\" src=\"https:\/\/luzdelnorte.es\/wp-content\/uploads\/2026\/02\/unnamed-4.jpg\" alt=\"\" class=\"wp-image-46\" srcset=\"https:\/\/luzdelnorte.es\/wp-content\/uploads\/2026\/02\/unnamed-4.jpg 687w, https:\/\/luzdelnorte.es\/wp-content\/uploads\/2026\/02\/unnamed-4-201x300.jpg 201w\" sizes=\"auto, (max-width: 687px) 100vw, 687px\" \/><\/figure>\n\n\n\n<hr class=\"wp-block-separator has-alpha-channel-opacity\"\/>\n\n\n\n<h3 class=\"wp-block-heading\">\u00bfSociedad secreta?<\/h3>\n\n\n\n<p>Es la pregunta m\u00e1s com\u00fan. La respuesta es no: somos una <strong>sociedad discreta<\/strong>. No nos escondemos (esta web es prueba de ello), pero reservamos la intimidad de nuestras reuniones para que cada miembro pueda expresarse con total libertad, sin miedo a ser juzgado por el mundo exterior. Esa discreci\u00f3n es el \u00abespacio seguro\u00bb donde florece el pensamiento cr\u00edtico.<\/p>\n\n\n\n<p>En definitiva, la masoner\u00eda es una herramienta para quienes no se conforman con las respuestas f\u00e1ciles y desean participar activamente en el progreso moral y social de su tiempo.<\/p>\n\n\n\n<p><\/p>\n\n\n\n<blockquote class=\"wp-block-quote is-layout-flow wp-block-quote-is-layout-flow\">\n<p>\u00abEl arte real consiste en aprender a mirar m\u00e1s all\u00e1 de la superficie de las cosas, encontrando en la geometr\u00eda silenciosa de nuestros rituales esas herramientas olvidadas que nos permiten construir un puente entre lo finito de nuestra existencia y lo infinito de nuestro potencial.\u00bb<\/p>\n<\/blockquote>\n","protected":false},"excerpt":{"rendered":"<p>Una tradici\u00f3n centenaria para el ser humano del siglo XXI A menudo se asocia la Masoner\u00eda con el misterio, pero la realidad es mucho m\u00e1s luminosa y, sobre todo, mucho m\u00e1s \u00fatil para la vida cotidiana. La Masoner\u00eda es, esencialmente, una escuela de formaci\u00f3n \u00e9tica, filos\u00f3fica y ciudadana. En la Logia Luz del Norte n\u00ba [&hellip;]<\/p>\n","protected":false},"author":1,"featured_media":47,"parent":0,"menu_order":0,"comment_status":"closed","ping_status":"closed","template":"","meta":{"footnotes":""},"class_list":["post-14","page","type-page","status-publish","has-post-thumbnail","hentry"],"_links":{"self":[{"href":"https:\/\/luzdelnorte.es\/index.php\/wp-json\/wp\/v2\/pages\/14","targetHints":{"allow":["GET"]}}],"collection":[{"href":"https:\/\/luzdelnorte.es\/index.php\/wp-json\/wp\/v2\/pages"}],"about":[{"href":"https:\/\/luzdelnorte.es\/index.php\/wp-json\/wp\/v2\/types\/page"}],"author":[{"embeddable":true,"href":"https:\/\/luzdelnorte.es\/index.php\/wp-json\/wp\/v2\/users\/1"}],"replies":[{"embeddable":true,"href":"https:\/\/luzdelnorte.es\/index.php\/wp-json\/wp\/v2\/comments?post=14"}],"version-history":[{"count":5,"href":"https:\/\/luzdelnorte.es\/index.php\/wp-json\/wp\/v2\/pages\/14\/revisions"}],"predecessor-version":[{"id":51,"href":"https:\/\/luzdelnorte.es\/index.php\/wp-json\/wp\/v2\/pages\/14\/revisions\/51"}],"wp:featuredmedia":[{"embeddable":true,"href":"https:\/\/luzdelnorte.es\/index.php\/wp-json\/wp\/v2\/media\/47"}],"wp:attachment":[{"href":"https:\/\/luzdelnorte.es\/index.php\/wp-json\/wp\/v2\/media?parent=14"}],"curies":[{"name":"wp","href":"https:\/\/api.w.org\/{rel}","templated":true}]}}